{"id":992,"date":"2011-02-21T16:20:24","date_gmt":"2011-02-21T14:20:24","guid":{"rendered":"https:\/\/vana.mybrand.ee"},"modified":"2025-12-08T19:48:32","modified_gmt":"2025-12-08T17:48:32","slug":"delight-oops-i-did-it-again","status":"publish","type":"page","link":"https:\/\/vana.mybrand.ee\/et\/about-us\/koerad-minevikust\/delight-oops-i-did-it-again\/","title":{"rendered":"Delight Oops I Did It Again"},"content":{"rendered":"<p><\/p>\n<table border=\"0\">\n<tbody>\n<tr>\n<td valign=\"top\"><img loading=\"lazy\" decoding=\"async\" class=\"ngg-singlepic ngg-none\" src=\"https:\/\/vana.mybrand.ee\/\/wp-content\/gallery\/delight-oops-i-did-it-again\/pretty-stand-1.jpg\" alt=\"pretty-stand-1\" width=\"400\" height=\"294\"><\/td>\n<td valign=\"top\">\n<h3>&#8220;Pretty&#8221;<\/h3>\n<p>kollane emane (BBee),<br \/>\n14.12.2000 &#8211; 25.08.2014<br \/>\nKasvataja Sharon Parr, kennel Delight, USA<br \/>\nOmanik Tarmo Virkus, Eesti.<\/p>\n<p><em>* pildil 5-aastane. <\/em><\/p>\n<h4>TERVISEUURINGUD:<\/h4>\n<ul>\n<li>puusad B\/B,<\/li>\n<li>k\u00fc\u00fcnarliigesed 0:0,<\/li>\n<li>silmad puhtad (dets&#8217;05)<\/li>\n<li>olemas k\u00f5ik hambad.<\/li>\n<\/ul>\n<\/td>\n<\/tr>\n<\/tbody>\n<\/table>\n<p>Aastal 2014 kaotasime \u00fche t\u00e4helepanuv\u00e4\u00e4rse labradorineiu.<\/p>\n<p>Armas? Lummav? Kutsikalik?<br \/>\nPrettyt v\u00f5ib kirjeldada k\u00f5igi nende s\u00f5nadega. Ta on vaieldamatult k\u00f5ige heas\u00fcdamlikum labrador, keda olen n\u00e4inud. See tasane kollane labradorit\u00fcdruk kiirgab v\u00e4lja soojust, meeldimistahet ja on valmis elu andma selle eest, et inimesi \u00f5nnelikuks teha. Kui tal see \u00f5nnestub, siis jookseb ta kutsikaliku r\u00f5\u00f5muga ringi ja \u00f5itseb.<\/p>\n<p>Kirglik asjadekandja, tubli linnutooja ja hea kaaslane oma perele.<br \/>\nAit\u00e4h Pretty eest, Kirsi Luomanen (kennel Tweedledum)!<\/p>\n<p>Pretty on meie P-pesakondade ja PRETTY-pesakonna ema.<\/p>\n<h2>Kohtunikud Prettyst:<\/h2>\n<p><strong>Arja Koskelo<\/strong> (Finland) 9.11.2002, Open Class &#8211; <em>&#8220;Excellent type, feminine and strong bitch. Beautiful head, level bite. Excellent body, proportions and coat. Moves extraordinary well with long powerful reach. Pleasant character, back a bit heavy. Gorgeous dog.&#8221; <\/em><\/p>\n<p><strong>PRETTY&#8217;S PEDIGREE:<\/strong><\/p>\n<table class=\"tree\" style=\"border: 1px solid #969696; background-color: #dfe1c8;\" border=\"1\">\n<tbody>\n<tr>\n<td style=\"width: 25%;\" rowspan=\"8\">Delight Bear De Menthe<br \/>\nOFA: good<br \/>\n(USA)<\/td>\n<td style=\"width: 25%;\" rowspan=\"4\">AM CH Tweedledum Pop My Cork<br \/>\nHD A\/A<br \/>\n(FIN)<\/td>\n<td style=\"width: 25%;\" rowspan=\"2\">Tweedledum Nugget Of Gold<\/td>\n<td style=\"width: 25%;\">Oakhouse Out Of Order<\/td>\n<\/tr>\n<tr>\n<td style=\"width: 25%;\">Chiquitita<\/td>\n<\/tr>\n<tr>\n<td style=\"width: 25%;\" rowspan=\"2\">Jayncourt Jingle Jangle<\/td>\n<td style=\"width: 25%;\">Heatherbourne Court Jester<\/td>\n<\/tr>\n<tr>\n<td style=\"width: 25%;\">Jayncourt Peace<\/td>\n<\/tr>\n<tr>\n<td style=\"width: 25%;\" rowspan=\"4\">AM CH Delight Creme De Menthe<br \/>\nOFA: Good CERF<br \/>\n(USA)<\/td>\n<td style=\"width: 25%;\" rowspan=\"2\">CH Receiver Of Cranspire<\/td>\n<td style=\"width: 25%;\">Cranspire Skytrain<\/td>\n<\/tr>\n<tr>\n<td style=\"width: 25%;\">Pollys Pride Of Genisval<\/td>\n<\/tr>\n<tr>\n<td style=\"width: 25%;\" rowspan=\"2\">CH Aquarius Parr&#8217;s Delight<\/td>\n<td style=\"width: 25%;\">CH Northwood Sandman<\/td>\n<\/tr>\n<tr>\n<td style=\"width: 25%;\">CH Sunnybrook Acres Sounder<\/td>\n<\/tr>\n<tr>\n<td style=\"width: 25%;\" rowspan=\"8\">AM CH Tweedledum Whitney Delight<br \/>\nOFA: good<br \/>\n(FIN)<\/td>\n<td style=\"width: 25%;\" rowspan=\"4\">FIN CH FIN W&#8217;92 Sprucehill&#8217;s Bondera<br \/>\nHD A\/A ED 0:0<br \/>\n(FIN)<\/td>\n<td style=\"width: 25%;\" rowspan=\"2\">FIN CH Keitsun Ujo<\/td>\n<td style=\"width: 25%;\">INT &amp; NORD CH Lizithas Blizzard<\/td>\n<\/tr>\n<tr>\n<td style=\"width: 25%;\">Priorise Secret<\/td>\n<\/tr>\n<tr>\n<td style=\"width: 25%;\" rowspan=\"2\">FIN CH Mailiksen Felina<\/td>\n<td style=\"width: 25%;\">FIN CH Pastime&#8217;s Swinging Gate<\/td>\n<\/tr>\n<tr>\n<td style=\"width: 25%;\">FIN CH Rosanan Taste Of Honey<\/td>\n<\/tr>\n<tr>\n<td style=\"width: 25%;\" rowspan=\"4\">Jayncourt Jingle Jangle<br \/>\nHD A\/A<br \/>\n(UK)<\/td>\n<td style=\"width: 25%;\" rowspan=\"2\">ENG CH Heatherbourne Court Jester<\/td>\n<td style=\"width: 25%;\">GB SH CH Bradking Cassidy<\/td>\n<\/tr>\n<tr>\n<td style=\"width: 25%;\">GB SH CH Copperhill Lyric Of Heatherbourne<\/td>\n<\/tr>\n<tr>\n<td style=\"width: 25%;\" rowspan=\"2\">Jayncourt Peace<\/td>\n<td style=\"width: 25%;\">Sandylands Charlston<\/td>\n<\/tr>\n<tr>\n<td style=\"width: 25%;\">Jayncourt Never Without<\/td>\n<\/tr>\n<\/tbody>\n<\/table>\n<p><a name=\"galerii\"><\/a>ngg_shortcode_1_placeholder<\/p>\n<p><a href=\"#wrapper\">[top]<\/a><\/p>\n<div id=\"_mcePaste\" style=\"position: absolute; left: -10000px; top: 0px; width: 1px; height: 1px; overflow: hidden;\"><a name=\"wrapper\"><\/a><\/div>\n<p><\/p>","protected":false},"excerpt":{"rendered":"<p>&#8220;Pretty&#8221; kollane emane (BBee), 14.12.2000 &#8211; 25.08.2014 Kasvataja Sharon Parr, kennel Delight, USA Omanik Tarmo Virkus, Eesti. * pildil 5-aastane. TERVISEUURINGUD: puusad B\/B, k\u00fc\u00fcnarliigesed 0:0, silmad puhtad (dets&#8217;05) olemas k\u00f5ik hambad. Aastal 2014 kaotasime \u00fche t\u00e4helepanuv\u00e4\u00e4rse labradorineiu. Armas? Lummav? Kutsikalik? Prettyt v\u00f5ib kirjeldada k\u00f5igi nende s\u00f5nadega. Ta on vaieldamatult k\u00f5ige heas\u00fcdamlikum labrador, keda olen n\u00e4inud. [&hellip;]<\/p>\n","protected":false},"author":1,"featured_media":0,"parent":5477,"menu_order":0,"comment_status":"closed","ping_status":"closed","template":"","meta":{"ngg_post_thumbnail":0,"footnotes":""},"class_list":["post-992","page","type-page","status-publish","hentry"],"_links":{"self":[{"href":"https:\/\/vana.mybrand.ee\/et\/wp-json\/wp\/v2\/pages\/992","targetHints":{"allow":["GET"]}}],"collection":[{"href":"https:\/\/vana.mybrand.ee\/et\/wp-json\/wp\/v2\/pages"}],"about":[{"href":"https:\/\/vana.mybrand.ee\/et\/wp-json\/wp\/v2\/types\/page"}],"author":[{"embeddable":true,"href":"https:\/\/vana.mybrand.ee\/et\/wp-json\/wp\/v2\/users\/1"}],"replies":[{"embeddable":true,"href":"https:\/\/vana.mybrand.ee\/et\/wp-json\/wp\/v2\/comments?post=992"}],"version-history":[{"count":1,"href":"https:\/\/vana.mybrand.ee\/et\/wp-json\/wp\/v2\/pages\/992\/revisions"}],"predecessor-version":[{"id":10237,"href":"https:\/\/vana.mybrand.ee\/et\/wp-json\/wp\/v2\/pages\/992\/revisions\/10237"}],"up":[{"embeddable":true,"href":"https:\/\/vana.mybrand.ee\/et\/wp-json\/wp\/v2\/pages\/5477"}],"wp:attachment":[{"href":"https:\/\/vana.mybrand.ee\/et\/wp-json\/wp\/v2\/media?parent=992"}],"curies":[{"name":"wp","href":"https:\/\/api.w.org\/{rel}","templated":true}]}}